{"id":13,"date":"2021-10-05T22:37:30","date_gmt":"2021-10-05T20:37:30","guid":{"rendered":"http:\/\/wauxhall.be\/?page_id=13"},"modified":"2022-04-11T12:20:52","modified_gmt":"2022-04-11T10:20:52","slug":"a-propos-de","status":"publish","type":"page","link":"https:\/\/wauxhall.be\/index.php\/a-propos-de\/","title":{"rendered":"\u00c0 propos de"},"content":{"rendered":"\n<p>Le Waux-Hall est la seule maison d\u2019assembl\u00e9e qui subsiste dans son \u00e9tat original de l\u2019\u00e9poque de l\u2019Age d\u2019Or de Spa (18<sup>i\u00e8me<\/sup> si\u00e8cle) et est l\u2019une des plus anciennes salles de jeux d\u2019Europe.<\/p>\n\n\n\n<p>Ce site pr\u00e9sente le b\u00e2timent et son actualit\u00e9.<\/p>\n\n\n\n<p>Le Waux-Hall est la propri\u00e9t\u00e9 de la Ville de Spa.<\/p>\n\n\n\n<p><\/p>\n\n\n\n<p>L&rsquo;Avenir du Waux-Hall asbl assure les visites du b\u00e2timent \u00e0 l&rsquo;occasion des journ\u00e9es du patrimoine.<\/p>\n\n\n\n<p><strong>Num\u00e9ro d&rsquo;entreprise<\/strong> : 431.461.938 <\/p>\n\n\n\n<p><strong>Num\u00e9ro de compte bancaire<\/strong> : BE60 0003 2519 9570<\/p>\n","protected":false},"excerpt":{"rendered":"<p>Le Waux-Hall est la seule maison d\u2019assembl\u00e9e qui subsiste dans son \u00e9tat original de l\u2019\u00e9poque de l\u2019Age d\u2019Or de Spa (18i\u00e8me si\u00e8cle) et est l\u2019une des plus anciennes salles de jeux d\u2019Europe. Ce site pr\u00e9sente le b\u00e2timent et son actualit\u00e9. Le Waux-Hall est la propri\u00e9t\u00e9 de la Ville de Spa. L&rsquo;Avenir du Waux-Hall asbl assure [&hellip;]<\/p>\n","protected":false},"author":1,"featured_media":0,"parent":0,"menu_order":0,"comment_status":"closed","ping_status":"closed","template":"","meta":{"footnotes":""},"class_list":["post-13","page","type-page","status-publish","hentry"],"_links":{"self":[{"href":"https:\/\/wauxhall.be\/index.php\/wp-json\/wp\/v2\/pages\/13","targetHints":{"allow":["GET"]}}],"collection":[{"href":"https:\/\/wauxhall.be\/index.php\/wp-json\/wp\/v2\/pages"}],"about":[{"href":"https:\/\/wauxhall.be\/index.php\/wp-json\/wp\/v2\/types\/page"}],"author":[{"embeddable":true,"href":"https:\/\/wauxhall.be\/index.php\/wp-json\/wp\/v2\/users\/1"}],"replies":[{"embeddable":true,"href":"https:\/\/wauxhall.be\/index.php\/wp-json\/wp\/v2\/comments?post=13"}],"version-history":[{"count":4,"href":"https:\/\/wauxhall.be\/index.php\/wp-json\/wp\/v2\/pages\/13\/revisions"}],"predecessor-version":[{"id":109,"href":"https:\/\/wauxhall.be\/index.php\/wp-json\/wp\/v2\/pages\/13\/revisions\/109"}],"wp:attachment":[{"href":"https:\/\/wauxhall.be\/index.php\/wp-json\/wp\/v2\/media?parent=13"}],"curies":[{"name":"wp","href":"https:\/\/api.w.org\/{rel}","templated":true}]}}